{"id":2282,"date":"2025-04-14T19:41:26","date_gmt":"2025-04-14T17:41:26","guid":{"rendered":"https:\/\/gram-rdc.org\/?page_id=2282"},"modified":"2025-05-02T09:46:33","modified_gmt":"2025-05-02T07:46:33","slug":"faire-un-don","status":"publish","type":"page","link":"https:\/\/gram-rdc.org\/?page_id=2282","title":{"rendered":"Faire un don"},"content":{"rendered":"\t\t<div data-elementor-type=\"wp-page\" data-elementor-id=\"2282\" class=\"elementor elementor-2282\" data-elementor-post-type=\"page\">\n\t\t\t\t\t\t<section class=\"elementor-section elementor-top-section elementor-element elementor-element-a2abf68 elementor-section-boxed elementor-section-height-default elementor-section-height-default\" data-id=\"a2abf68\" data-element_type=\"section\" data-e-type=\"section\" data-settings=\"{&quot;background_background&quot;:&quot;slideshow&quot;,&quot;background_slideshow_gallery&quot;:[{&quot;id&quot;:1203,&quot;url&quot;:&quot;https:\\\/\\\/gaviaspreview.com\\\/wp\\\/paroti\\\/wp-content\\\/uploads\\\/2021\\\/12\\\/bg-9.jpg&quot;},{&quot;id&quot;:1008,&quot;url&quot;:&quot;https:\\\/\\\/gaviaspreview.com\\\/wp\\\/paroti\\\/wp-content\\\/uploads\\\/2021\\\/10\\\/breadcrumb.jpg&quot;}],&quot;background_slideshow_ken_burns&quot;:&quot;yes&quot;,&quot;background_slideshow_loop&quot;:&quot;yes&quot;,&quot;background_slideshow_slide_duration&quot;:5000,&quot;background_slideshow_slide_transition&quot;:&quot;fade&quot;,&quot;background_slideshow_transition_duration&quot;:500,&quot;background_slideshow_ken_burns_zoom_direction&quot;:&quot;in&quot;}\">\n\t\t\t\t\t\t<div class=\"elementor-container elementor-column-gap-default\">\n\t\t\t\t\t<div class=\"elementor-column elementor-col-100 elementor-top-column elementor-element elementor-element-7260d10\" data-id=\"7260d10\" data-element_type=\"column\" data-e-type=\"column\">\n\t\t\t<div class=\"elementor-widget-wrap elementor-element-populated\">\n\t\t\t\t\t\t<div class=\"elementor-element elementor-element-3f38b9d elementor-widget elementor-widget-gva-heading-block\" data-id=\"3f38b9d\" data-element_type=\"widget\" data-e-type=\"widget\" data-widget_type=\"gva-heading-block.default\">\n\t\t\t\t<div class=\"elementor-widget-container\">\n\t\t\t\t\t<div class=\"gva-element-gva-heading-block gva-element\">   <div class=\"align-left style-1 widget gsc-heading box-align-left auto-responsive\">\r\n      <div class=\"content-inner\">\r\n         \r\n                  \r\n           \r\n         \r\n                     <h2 class=\"title\">\r\n               <span>Faire un don<\/span>\r\n            <\/h2>\r\n                  \r\n                     <div class=\"title-desc\">Posez une action en faveur des n\u00e9cessiteux<\/div>\r\n         \r\n         \r\n      <\/div>\r\n   <\/div>\r\n<\/div>\t\t\t\t<\/div>\n\t\t\t\t<\/div>\n\t\t\t\t\t<\/div>\n\t\t<\/div>\n\t\t\t\t\t<\/div>\n\t\t<\/section>\n\t\t\t\t<section class=\"elementor-section elementor-top-section elementor-element elementor-element-4703abd elementor-section-boxed elementor-section-height-default elementor-section-height-default\" data-id=\"4703abd\" data-element_type=\"section\" data-e-type=\"section\" data-settings=\"{&quot;background_background&quot;:&quot;classic&quot;}\">\n\t\t\t\t\t\t<div class=\"elementor-container elementor-column-gap-default\">\n\t\t\t\t\t<div class=\"elementor-column elementor-col-50 elementor-top-column elementor-element elementor-element-029430f\" data-id=\"029430f\" data-element_type=\"column\" data-e-type=\"column\">\n\t\t\t<div class=\"elementor-widget-wrap elementor-element-populated\">\n\t\t\t\t\t\t<div class=\"elementor-element elementor-element-821c4b1 elementor-widget elementor-widget-heading\" data-id=\"821c4b1\" data-element_type=\"widget\" data-e-type=\"widget\" data-widget_type=\"heading.default\">\n\t\t\t\t<div class=\"elementor-widget-container\">\n\t\t\t\t\t<h2 class=\"elementor-heading-title elementor-size-default\">Voulez-vous aider une personne ?<\/h2>\t\t\t\t<\/div>\n\t\t\t\t<\/div>\n\t\t\t\t<div class=\"elementor-element elementor-element-76c85d4 elementor-widget__width-initial elementor-widget elementor-widget-text-editor\" data-id=\"76c85d4\" data-element_type=\"widget\" data-e-type=\"widget\" data-widget_type=\"text-editor.default\">\n\t\t\t\t<div class=\"elementor-widget-container\">\n\t\t\t\t\t\t\t\t\t<p>Veuillez utiliser ces moyens pour nous faire parvenir un don:<\/p>\t\t\t\t\t\t\t\t<\/div>\n\t\t\t\t<\/div>\n\t\t\t\t<div class=\"elementor-element elementor-element-a012706 elementor-widget__width-initial elementor-widget elementor-widget-text-editor\" data-id=\"a012706\" data-element_type=\"widget\" data-e-type=\"widget\" data-widget_type=\"text-editor.default\">\n\t\t\t\t<div class=\"elementor-widget-container\">\n\t\t\t\t\t\t\t\t\t<p class=\"\" data-start=\"272\" data-end=\"356\">\ud83d\udcf1 <strong data-start=\"275\" data-end=\"295\">Via Mobile Money<\/strong><br data-start=\"295\" data-end=\"298\" \/>Num\u00e9ro : +243 997 437 293<br data-start=\"323\" data-end=\"326\" \/>Nom affich\u00e9 : <strong data-start=\"340\" data-end=\"356\">AJABU MARCEL<\/strong><\/p><p class=\"\" data-start=\"358\" data-end=\"671\">\ud83c\udfe6 <strong data-start=\"361\" data-end=\"386\">Via virement bancaire<\/strong><br data-start=\"386\" data-end=\"389\" \/><strong data-start=\"389\" data-end=\"411\">Intitul\u00e9 du compte<\/strong> : GRAM ASBL<br data-start=\"423\" data-end=\"426\" \/><strong data-start=\"426\" data-end=\"446\">Num\u00e9ro de compte<\/strong> : 00017-28000-23063400101-44<br data-start=\"475\" data-end=\"478\" \/><strong data-start=\"478\" data-end=\"488\">Devise<\/strong> : USD<br data-start=\"494\" data-end=\"497\" data-is-only-node=\"\" \/><strong data-start=\"497\" data-end=\"507\">Banque<\/strong> : Trust Merchant Bank S.A<br data-start=\"533\" data-end=\"536\" \/><strong data-start=\"536\" data-end=\"550\">Code SWIFT<\/strong> : TRMSCD3L<br data-start=\"561\" data-end=\"564\" \/><strong data-start=\"564\" data-end=\"588\">Adresse de la banque<\/strong> : 1223, avenue Lumumba, Lubumbashi, RD Congo<br data-start=\"633\" data-end=\"636\" \/><strong data-start=\"636\" data-end=\"658\">Email de la banque<\/strong> : <a rel=\"noopener\" data-start=\"661\" data-end=\"671\">tmb@tmb.cd<\/a><\/p><p data-start=\"358\" data-end=\"671\"><em>Chaque don, si petit soit-il, est un geste de solidarit\u00e9 qui change des vies. <strong>Merci pour votre g\u00e9n\u00e9rosit\u00e9.<\/strong><\/em><\/p>\t\t\t\t\t\t\t\t<\/div>\n\t\t\t\t<\/div>\n\t\t\t\t\t<\/div>\n\t\t<\/div>\n\t\t\t\t<div class=\"elementor-column elementor-col-50 elementor-top-column elementor-element elementor-element-a71a61f\" data-id=\"a71a61f\" data-element_type=\"column\" data-e-type=\"column\">\n\t\t\t<div class=\"elementor-widget-wrap elementor-element-populated\">\n\t\t\t\t\t\t<section class=\"elementor-section elementor-inner-section elementor-element elementor-element-bd52d09 elementor-section-boxed elementor-section-height-default elementor-section-height-default\" data-id=\"bd52d09\" data-element_type=\"section\" data-e-type=\"section\">\n\t\t\t\t\t\t<div class=\"elementor-container elementor-column-gap-default\">\n\t\t\t\t\t<div class=\"elementor-column elementor-col-100 elementor-inner-column elementor-element elementor-element-faab6e2\" data-id=\"faab6e2\" data-element_type=\"column\" data-e-type=\"column\">\n\t\t\t<div class=\"elementor-widget-wrap elementor-element-populated\">\n\t\t\t\t\t\t<div class=\"elementor-element elementor-element-b87e5f0 elementor-widget elementor-widget-image\" data-id=\"b87e5f0\" data-element_type=\"widget\" data-e-type=\"widget\" data-widget_type=\"image.default\">\n\t\t\t\t<div class=\"elementor-widget-container\">\n\t\t\t\t\t\t\t\t\t\t\t\t\t\t\t<img fetchpriority=\"high\" decoding=\"async\" width=\"900\" height=\"900\" src=\"https:\/\/gram-rdc.org\/wp-content\/uploads\/2025\/05\/IMG_1455-1.jpg\" class=\"attachment-large size-large wp-image-2713\" alt=\"\" srcset=\"https:\/\/gram-rdc.org\/wp-content\/uploads\/2025\/05\/IMG_1455-1.jpg 1024w, https:\/\/gram-rdc.org\/wp-content\/uploads\/2025\/05\/IMG_1455-1-175x175.jpg 175w, https:\/\/gram-rdc.org\/wp-content\/uploads\/2025\/05\/IMG_1455-1-768x768.jpg 768w, https:\/\/gram-rdc.org\/wp-content\/uploads\/2025\/05\/IMG_1455-1-200x200.jpg 200w\" sizes=\"(max-width: 900px) 100vw, 900px\" \/>\t\t\t\t\t\t\t\t\t\t\t\t\t\t\t<\/div>\n\t\t\t\t<\/div>\n\t\t\t\t\t<\/div>\n\t\t<\/div>\n\t\t\t\t\t<\/div>\n\t\t<\/section>\n\t\t\t\t\t<\/div>\n\t\t<\/div>\n\t\t\t\t\t<\/div>\n\t\t<\/section>\n\t\t\t\t<\/div>\n\t\t","protected":false},"excerpt":{"rendered":"<p>Faire un don Posez une action en faveur des n\u00e9cessiteux Voulez-vous aider une personne ? Veuillez utiliser ces moyens pour nous faire parvenir un don: \ud83d\udcf1 Via Mobile MoneyNum\u00e9ro : [&hellip;]<\/p>\n","protected":false},"author":1,"featured_media":0,"parent":0,"menu_order":0,"comment_status":"closed","ping_status":"closed","template":"","meta":{"footnotes":""},"class_list":["post-2282","page","type-page","status-publish","hentry"],"_links":{"self":[{"href":"https:\/\/gram-rdc.org\/index.php?rest_route=\/wp\/v2\/pages\/2282","targetHints":{"allow":["GET"]}}],"collection":[{"href":"https:\/\/gram-rdc.org\/index.php?rest_route=\/wp\/v2\/pages"}],"about":[{"href":"https:\/\/gram-rdc.org\/index.php?rest_route=\/wp\/v2\/types\/page"}],"author":[{"embeddable":true,"href":"https:\/\/gram-rdc.org\/index.php?rest_route=\/wp\/v2\/users\/1"}],"replies":[{"embeddable":true,"href":"https:\/\/gram-rdc.org\/index.php?rest_route=%2Fwp%2Fv2%2Fcomments&post=2282"}],"version-history":[{"count":10,"href":"https:\/\/gram-rdc.org\/index.php?rest_route=\/wp\/v2\/pages\/2282\/revisions"}],"predecessor-version":[{"id":2716,"href":"https:\/\/gram-rdc.org\/index.php?rest_route=\/wp\/v2\/pages\/2282\/revisions\/2716"}],"wp:attachment":[{"href":"https:\/\/gram-rdc.org\/index.php?rest_route=%2Fwp%2Fv2%2Fmedia&parent=2282"}],"curies":[{"name":"wp","href":"https:\/\/api.w.org\/{rel}","templated":true}]}}